{"id":27,"date":"2023-05-16T11:31:09","date_gmt":"2023-05-16T09:31:09","guid":{"rendered":"https:\/\/biobrand.ba\/?page_id=27"},"modified":"2023-09-15T14:16:01","modified_gmt":"2023-09-15T12:16:01","slug":"politika-privatnosti","status":"publish","type":"page","link":"https:\/\/biobrand.ba\/en\/politika-privatnosti\/","title":{"rendered":"Politika privatnosti"},"content":{"rendered":"<div data-elementor-type=\"wp-page\" data-elementor-id=\"27\" class=\"elementor elementor-27\" data-elementor-post-type=\"page\">\n\t\t\t\t\t\t<section class=\"elementor-section elementor-top-section elementor-element elementor-element-c16548f elementor-section-boxed elementor-section-height-default elementor-section-height-default\" data-id=\"c16548f\" data-element_type=\"section\" data-settings=\"{&quot;background_background&quot;:&quot;gradient&quot;,&quot;shape_divider_bottom&quot;:&quot;curve&quot;,&quot;shape_divider_bottom_negative&quot;:&quot;yes&quot;,&quot;jet_parallax_layout_list&quot;:[]}\">\n\t\t\t\t\t\t\t<div class=\"elementor-background-overlay\"><\/div>\n\t\t\t\t\t\t<div class=\"elementor-shape elementor-shape-bottom\" aria-hidden=\"true\" data-negative=\"true\">\n\t\t\t<svg xmlns=\"http:\/\/www.w3.org\/2000\/svg\" viewbox=\"0 0 1000 100\" preserveaspectratio=\"none\">\n\t<path class=\"elementor-shape-fill\" d=\"M500,97C126.7,96.3,0.8,19.8,0,0v100l1000,0V1C1000,19.4,873.3,97.8,500,97z\"\/>\n<\/svg>\t\t<\/div>\n\t\t\t\t\t<div class=\"elementor-container elementor-column-gap-no\">\n\t\t\t\t\t<div class=\"elementor-column elementor-col-100 elementor-top-column elementor-element elementor-element-22a02f7\" data-id=\"22a02f7\" data-element_type=\"column\">\n\t\t\t<div class=\"elementor-widget-wrap elementor-element-populated\">\n\t\t\t\t\t\t\t<\/div>\n\t\t<\/div>\n\t\t\t\t\t<\/div>\n\t\t<\/section>\n\t\t<div class=\"elementor-element elementor-element-c169654 e-flex e-con-boxed e-con e-parent\" data-id=\"c169654\" data-element_type=\"container\" data-settings=\"{&quot;jet_parallax_layout_list&quot;:[]}\">\n\t\t\t\t\t<div class=\"e-con-inner\">\n\t\t<div class=\"elementor-element elementor-element-5d486ed e-con-full e-flex e-con e-child\" data-id=\"5d486ed\" data-element_type=\"container\" data-settings=\"{&quot;jet_parallax_layout_list&quot;:[]}\">\n\t\t\t\t<div class=\"elementor-element elementor-element-4e1f39a elementor-widget elementor-widget-text-editor\" data-id=\"4e1f39a\" data-element_type=\"widget\" data-widget_type=\"text-editor.default\">\n\t\t\t\t<div class=\"elementor-widget-container\">\n\t\t\t\t\t\t\t\t\t<h4>Uvod<\/h4>\n<p>Dobro do\u0161li na na\u0161 webshop. Va\u0161a privatnost je za nas od klju\u010dnog zna\u010daja. U ovoj politici privatnosti objasnit \u0107emo koje podatke prikupljamo, kako ih koristimo, gdje i kada se mogu podijeliti sa tre\u0107im stranama, kao i opcije koje su vam dostupne u pogledu va\u0161ih li\u010dnih podataka.<\/p>\n<h4>Koje informacije prikupljamo?<\/h4>\n<p>Kada posjetite na\u0161u web stranicu ili kupujete proizvode, mo\u017eemo prikupljati sljede\u0107e informacije:<\/p>\n<ul>\n<li>Li\u010dne podatke: Ove informacije mogu uklju\u010divati va\u0161e ime, adresu, broj telefona, e-mail adresu, datum ro\u0111enja i druge sli\u010dne informacije koje su potrebne za isporuku proizvoda ili usluga.<\/li>\n<li>Informacije o pla\u0107anju: Pri kupovini, mo\u017eemo prikupljati podatke o va\u0161em pla\u0107anju, kao i druge informacije povezane sa pla\u0107anjem.<\/li>\n<li>Podatke o kori\u0161tenju: Prikupljamo informacije o tome kako koristite na\u0161u web stranicu, uklju\u010duju\u0107i informacije o proizvodima koje pregledavate ili kupujete, va\u0161im interakcijama sa na\u0161im uslugama i web stranicom.<\/li>\n<\/ul>\n<h4>Kako koristimo va\u0161e informacije?<\/h4>\n<p>Va\u0161e informacije koristimo da bismo:<\/p>\n<ul>\n<li>Ispunili va\u0161e zahtjeve za proizvodima i uslugama.<\/li>\n<li>Obavili va\u0161a pla\u0107anja.<\/li>\n<li>Pru\u017eili vam korisni\u010dku podr\u0161ku.<\/li>\n<li>Pobolj\u0161ali na\u0161e proizvode, usluge i korisni\u010dko iskustvo.<\/li>\n<li>Slali vam promotivne materijale i informacije o na\u0161im proizvodima i uslugama.<\/li>\n<li>Ispunili na\u0161e pravne obaveze i za\u0161titili na\u0161a prava.<\/li>\n<li>Dijeljenje va\u0161ih informacija<\/li>\n<li>Va\u0161e informacije mo\u017eemo podijeliti sa tre\u0107im stranama samo u sljede\u0107im okolnostima:<\/li>\n<li>Pru\u017eateljima usluga: Da bismo obavili va\u0161a pla\u0107anja, isporu\u010dili proizvode i pru\u017eili podr\u0161ku.<\/li>\n<li>U skladu sa zakonom: Ako smo zakonski obavezni da otkrijemo informacije.<\/li>\n<\/ul>\n<h4>Va\u0161e opcije<\/h4>\n<p>Imate pravo da tra\u017eite pristup, ispravku, brisanje ili ograni\u010denje kori\u0161tenja va\u0161ih li\u010dnih podataka. Tako\u0111er imate pravo da se usprotivite kori\u0161tenju va\u0161ih li\u010dnih podataka za marketin\u0161ke svrhe.<\/p>\n<h4>Contact<\/h4>\n<p>Ako imate bilo kakva pitanja u vezi sa ovom politikom privatnosti, molimo vas da nas kontaktirate na: <strong>info@biobrand.ba<\/strong><\/p>\n<p>Va\u0161a upotreba na\u0161e web-stranice ozna\u010dava va\u0161e razumijevanje i prihvatanje ove politike privatnosti.<\/p>\n<p>Hvala \u0161to ste odabrali na\u0161 webshop.<\/p>\t\t\t\t\t\t\t\t<\/div>\n\t\t\t\t<\/div>\n\t\t\t\t<\/div>\n\t\t\t\t\t<\/div>\n\t\t\t\t<\/div>\n\t\t\t\t<\/div>","protected":false},"excerpt":{"rendered":"<p>Uvod Dobro do\u0161li na na\u0161 webshop. Va\u0161a privatnost je za nas od klju\u010dnog zna\u010daja. U ovoj politici privatnosti objasnit \u0107emo koje podatke prikupljamo, kako ih koristimo, gdje i kada se mogu podijeliti sa tre\u0107im stranama, kao i opcije koje su vam dostupne u pogledu va\u0161ih li\u010dnih podataka. Koje informacije prikupljamo? Kada posjetite na\u0161u web stranicu [&hellip;]<\/p>","protected":false},"author":1,"featured_media":0,"parent":0,"menu_order":0,"comment_status":"closed","ping_status":"closed","template":"","meta":{"inline_featured_image":false,"footnotes":""},"class_list":["post-27","page","type-page","status-publish","hentry"],"_links":{"self":[{"href":"https:\/\/biobrand.ba\/en\/wp-json\/wp\/v2\/pages\/27","targetHints":{"allow":["GET"]}}],"collection":[{"href":"https:\/\/biobrand.ba\/en\/wp-json\/wp\/v2\/pages"}],"about":[{"href":"https:\/\/biobrand.ba\/en\/wp-json\/wp\/v2\/types\/page"}],"author":[{"embeddable":true,"href":"https:\/\/biobrand.ba\/en\/wp-json\/wp\/v2\/users\/1"}],"replies":[{"embeddable":true,"href":"https:\/\/biobrand.ba\/en\/wp-json\/wp\/v2\/comments?post=27"}],"version-history":[{"count":13,"href":"https:\/\/biobrand.ba\/en\/wp-json\/wp\/v2\/pages\/27\/revisions"}],"predecessor-version":[{"id":2064,"href":"https:\/\/biobrand.ba\/en\/wp-json\/wp\/v2\/pages\/27\/revisions\/2064"}],"wp:attachment":[{"href":"https:\/\/biobrand.ba\/en\/wp-json\/wp\/v2\/media?parent=27"}],"curies":[{"name":"wp","href":"https:\/\/api.w.org\/{rel}","templated":true}]}}